{"id":2255,"date":"2025-09-27T19:21:25","date_gmt":"2025-09-27T19:21:25","guid":{"rendered":"https:\/\/studyenglishwithus.ca\/?page_id=2255"},"modified":"2025-09-27T19:22:03","modified_gmt":"2025-09-27T19:22:03","slug":"privacy-policy","status":"publish","type":"page","link":"https:\/\/studyenglishwithus.ca\/?page_id=2255","title":{"rendered":"Privacy Policy"},"content":{"rendered":"<div class=\"wp-block-image\">\r\n<figure class=\"aligncenter\"><img loading=\"lazy\" decoding=\"async\" width=\"1024\" height=\"359\" class=\"wp-image-1998\" src=\"https:\/\/studyenglishwithus.ca\/wp-content\/uploads\/2025\/09\/Privacy-Policy-1024x359.jpg\" alt=\"\" srcset=\"https:\/\/studyenglishwithus.ca\/wp-content\/uploads\/2025\/09\/Privacy-Policy-1024x359.jpg 1024w, https:\/\/studyenglishwithus.ca\/wp-content\/uploads\/2025\/09\/Privacy-Policy-300x105.jpg 300w, https:\/\/studyenglishwithus.ca\/wp-content\/uploads\/2025\/09\/Privacy-Policy-768x269.jpg 768w, https:\/\/studyenglishwithus.ca\/wp-content\/uploads\/2025\/09\/Privacy-Policy-600x211.jpg 600w, https:\/\/studyenglishwithus.ca\/wp-content\/uploads\/2025\/09\/Privacy-Policy-264x93.jpg 264w, https:\/\/studyenglishwithus.ca\/wp-content\/uploads\/2025\/09\/Privacy-Policy.jpg 1200w\" sizes=\"auto, (max-width: 1024px) 100vw, 1024px\" \/><\/figure>\r\n<\/div>\r\n\r\n\r\n<h2 class=\"wp-block-heading has-text-align-center\">Ch\u00ednh S\u00e1ch B\u1ea3o M\u1eadt<\/h2>\r\n\r\n\r\n\r\n<p>Ch\u00fang t\u00f4i l\u00e0 ai<\/p>\r\n\r\n\r\n\r\n<p>\u0110\u1ecba ch\u1ec9 website c\u1ee7a ch\u00fang t\u00f4i l\u00e0: <a class=\"decorated-link\" href=\"https:\/\/studyenglishwithus.com\" target=\"_new\" rel=\"noopener\" data-start=\"153\" data-end=\"217\">https:\/\/studyenglishwithus.ca<\/a><\/p>\r\n\r\n\r\n\r\n<p><strong>Cookie<\/strong>s<\/p>\r\n\r\n\r\n\r\n<p data-start=\"237\" data-end=\"339\">Khi b\u1ea1n truy c\u1eadp m\u1ed9t website, cookies l\u00e0 nh\u1eefng t\u1ec7p nh\u1ecf t\u1ea1o k\u1ebft n\u1ed1i gi\u1eefa thi\u1ebft b\u1ecb c\u1ee7a b\u1ea1n v\u00e0 website.<\/p>\r\n<p data-start=\"341\" data-end=\"721\">Khi b\u1ea1n \u0111\u0103ng nh\u1eadp, ch\u00fang t\u00f4i s\u1ebd thi\u1ebft l\u1eadp m\u1ed9t s\u1ed1 cookies \u0111\u1ec3 l\u01b0u th\u00f4ng tin \u0111\u0103ng nh\u1eadp v\u00e0 c\u00e1c t\u00f9y ch\u1ecdn hi\u1ec3n th\u1ecb m\u00e0n h\u00ecnh c\u1ee7a b\u1ea1n. Cookies \u0111\u0103ng nh\u1eadp s\u1ebd t\u1ed3n t\u1ea1i trong hai ng\u00e0y, c\u00f2n cookies t\u00f9y ch\u1ecdn m\u00e0n h\u00ecnh s\u1ebd t\u1ed3n t\u1ea1i trong m\u1ed9t n\u0103m. N\u1ebfu b\u1ea1n ch\u1ecdn \u201cGhi nh\u1edb t\u00f4i\u201d, phi\u00ean \u0111\u0103ng nh\u1eadp c\u1ee7a b\u1ea1n s\u1ebd \u0111\u01b0\u1ee3c duy tr\u00ec trong hai tu\u1ea7n. N\u1ebfu b\u1ea1n \u0111\u0103ng xu\u1ea5t kh\u1ecfi t\u00e0i kho\u1ea3n, c\u00e1c cookies \u0111\u0103ng nh\u1eadp s\u1ebd b\u1ecb x\u00f3a.<\/p>\r\n<h3 data-start=\"723\" data-end=\"754\">Th\u1eddi gian l\u01b0u gi\u1eef d\u1eef li\u1ec7u<\/h3>\r\n<p data-start=\"756\" data-end=\"1103\">\u0110\u1ed1i v\u1edbi ng\u01b0\u1eddi d\u00f9ng \u0111\u0103ng k\u00fd tr\u00ean website c\u1ee7a ch\u00fang t\u00f4i, ch\u00fang t\u00f4i l\u01b0u tr\u1eef th\u00f4ng tin c\u00e1 nh\u00e2n m\u00e0 h\u1ecd cung c\u1ea5p trong h\u1ed3 s\u01a1 ng\u01b0\u1eddi d\u00f9ng. T\u1ea5t c\u1ea3 ng\u01b0\u1eddi d\u00f9ng \u0111\u1ec1u c\u00f3 th\u1ec3 xem, ch\u1ec9nh s\u1eeda ho\u1eb7c x\u00f3a th\u00f4ng tin c\u00e1 nh\u00e2n c\u1ee7a m\u00ecnh b\u1ea5t c\u1ee9 l\u00fac n\u00e0o (ngo\u1ea1i tr\u1eeb vi\u1ec7c kh\u00f4ng th\u1ec3 thay \u0111\u1ed5i t\u00ean ng\u01b0\u1eddi d\u00f9ng). Qu\u1ea3n tr\u1ecb vi\u00ean c\u1ee7a website c\u0169ng c\u00f3 th\u1ec3 xem v\u00e0 ch\u1ec9nh s\u1eeda th\u00f4ng tin \u0111\u00f3.<\/p>\r\n<h3 data-start=\"1105\" data-end=\"1151\">Ch\u00fang t\u00f4i chia s\u1ebb d\u1eef li\u1ec7u c\u1ee7a b\u1ea1n v\u1edbi ai<\/h3>\r\n<p data-start=\"1153\" data-end=\"1236\">Ch\u00fang t\u00f4i kh\u00f4ng bao gi\u1edd chia s\u1ebb ho\u1eb7c b\u00e1n th\u00f4ng tin c\u00e1 nh\u00e2n c\u1ee7a b\u1ea1n cho b\u1ea5t k\u1ef3 ai.<\/p>\r\n<p>&nbsp;<\/p>\r\n","protected":false},"excerpt":{"rendered":"<p>Ch\u00ednh S\u00e1ch B\u1ea3o M\u1eadt Ch\u00fang t\u00f4i l\u00e0 ai \u0110\u1ecba ch\u1ec9 website c\u1ee7a ch\u00fang t\u00f4i l\u00e0: https:\/\/studyenglishwithus.ca Cookies Khi b\u1ea1n truy c\u1eadp m\u1ed9t website, cookies l\u00e0 nh\u1eefng t\u1ec7p nh\u1ecf t\u1ea1o k\u1ebft n\u1ed1i gi\u1eefa thi\u1ebft b\u1ecb c\u1ee7a b\u1ea1n v\u00e0 website. Khi b\u1ea1n \u0111\u0103ng nh\u1eadp, ch\u00fang t\u00f4i s\u1ebd thi\u1ebft l\u1eadp m\u1ed9t s\u1ed1 cookies \u0111\u1ec3 l\u01b0u th\u00f4ng tin \u0111\u0103ng [&hellip;]<\/p>\n","protected":false},"author":1,"featured_media":0,"parent":0,"menu_order":0,"comment_status":"closed","ping_status":"closed","template":"template-blank.php","meta":{"_uag_custom_page_level_css":"","__cvm_playback_settings":[],"__cvm_video_id":"","footnotes":""},"class_list":["post-2255","page","type-page","status-publish","hentry"],"spectra_custom_meta":{"classic-editor-remember":["classic-editor"],"_edit_last":["1"],"_edit_lock":["1759000782:1"],"_wp_page_template":["template-blank.php"],"_vlog_meta":["a:2:{s:2:\"fa\";a:18:{s:6:\"layout\";s:1:\"1\";s:9:\"post_type\";s:4:\"post\";s:5:\"limit\";s:1:\"5\";s:5:\"order\";s:4:\"date\";s:6:\"manual\";s:0:\"\";s:4:\"sort\";s:4:\"DESC\";s:20:\"vimeo-videos_inc_exc\";s:2:\"in\";s:9:\"vimeo-tag\";s:0:\"\";s:17:\"vimeo-tag_inc_exc\";s:2:\"in\";s:11:\"cat_inc_exc\";s:2:\"in\";s:3:\"tag\";s:0:\"\";s:11:\"tag_inc_exc\";s:2:\"in\";s:6:\"series\";s:0:\"\";s:14:\"series_inc_exc\";s:2:\"in\";s:6:\"format\";s:1:\"0\";s:4:\"time\";s:1:\"0\";s:7:\"content\";s:0:\"\";s:8:\"bg_image\";s:0:\"\";}s:5:\"blank\";a:3:{s:10:\"page_title\";s:1:\"0\";s:6:\"header\";s:1:\"1\";s:6:\"footer\";s:1:\"1\";}}"],"_uag_page_assets":["a:9:{s:3:\"css\";s:263:\".uag-blocks-common-selector{z-index:var(--z-index-desktop) !important}@media (max-width: 976px){.uag-blocks-common-selector{z-index:var(--z-index-tablet) !important}}@media (max-width: 767px){.uag-blocks-common-selector{z-index:var(--z-index-mobile) !important}}\n\";s:2:\"js\";s:0:\"\";s:18:\"current_block_list\";a:9:{i:0;s:10:\"core\/image\";i:1;s:12:\"core\/heading\";i:2;s:14:\"core\/paragraph\";i:3;s:11:\"core\/search\";i:4;s:10:\"core\/group\";i:5;s:17:\"core\/latest-posts\";i:6;s:20:\"core\/latest-comments\";i:7;s:13:\"core\/archives\";i:8;s:15:\"core\/categories\";}s:8:\"uag_flag\";b:0;s:11:\"uag_version\";s:10:\"1776389077\";s:6:\"gfonts\";a:0:{}s:10:\"gfonts_url\";s:0:\"\";s:12:\"gfonts_files\";a:0:{}s:14:\"uag_faq_layout\";b:0;}"],"rank_math_og_content_image":["a:2:{s:5:\"check\";s:32:\"bcc8f1492fdb20fe5bac80057f6e1c14\";s:6:\"images\";a:1:{i:0;i:1998;}}"],"rank_math_internal_links_processed":["1"],"_uag_css_file_name":["uag-css-2255.css"]},"uagb_featured_image_src":{"full":false,"thumbnail":false,"medium":false,"medium_large":false,"large":false,"1536x1536":false,"2048x2048":false,"vlog-lay-a":false,"vlog-lay-a-full":false,"vlog-lay-b":false,"vlog-lay-b-full":false,"vlog-lay-d":false,"vlog-lay-d-full":false,"vlog-lay-e":false,"vlog-lay-e-full":false,"vlog-lay-f":false,"vlog-lay-f-full":false,"vlog-lay-h":false,"vlog-lay-h-full":false,"vlog-cover-full":false,"vlog-cover-large":false,"vlog-cover-medium":false,"vlog-cover-small":false},"uagb_author_info":{"display_name":"Frank Spangler","author_link":"https:\/\/studyenglishwithus.ca\/author\/frank-sewu"},"uagb_comment_info":0,"uagb_excerpt":"Ch\u00ednh S\u00e1ch B\u1ea3o M\u1eadt Ch\u00fang t\u00f4i l\u00e0 ai \u0110\u1ecba ch\u1ec9 website c\u1ee7a ch\u00fang t\u00f4i l\u00e0: https:\/\/studyenglishwithus.ca Cookies Khi b\u1ea1n truy c\u1eadp m\u1ed9t website, cookies l\u00e0 nh\u1eefng t\u1ec7p nh\u1ecf t\u1ea1o k\u1ebft n\u1ed1i gi\u1eefa thi\u1ebft b\u1ecb c\u1ee7a b\u1ea1n v\u00e0 website. Khi b\u1ea1n \u0111\u0103ng nh\u1eadp, ch\u00fang t\u00f4i s\u1ebd thi\u1ebft l\u1eadp m\u1ed9t s\u1ed1 cookies \u0111\u1ec3 l\u01b0u th\u00f4ng tin \u0111\u0103ng&hellip;","_links":{"self":[{"href":"https:\/\/studyenglishwithus.ca\/index.php?rest_route=\/wp\/v2\/pages\/2255","targetHints":{"allow":["GET"]}}],"collection":[{"href":"https:\/\/studyenglishwithus.ca\/index.php?rest_route=\/wp\/v2\/pages"}],"about":[{"href":"https:\/\/studyenglishwithus.ca\/index.php?rest_route=\/wp\/v2\/types\/page"}],"author":[{"embeddable":true,"href":"https:\/\/studyenglishwithus.ca\/index.php?rest_route=\/wp\/v2\/users\/1"}],"replies":[{"embeddable":true,"href":"https:\/\/studyenglishwithus.ca\/index.php?rest_route=%2Fwp%2Fv2%2Fcomments&post=2255"}],"version-history":[{"count":1,"href":"https:\/\/studyenglishwithus.ca\/index.php?rest_route=\/wp\/v2\/pages\/2255\/revisions"}],"predecessor-version":[{"id":2256,"href":"https:\/\/studyenglishwithus.ca\/index.php?rest_route=\/wp\/v2\/pages\/2255\/revisions\/2256"}],"wp:attachment":[{"href":"https:\/\/studyenglishwithus.ca\/index.php?rest_route=%2Fwp%2Fv2%2Fmedia&parent=2255"}],"curies":[{"name":"wp","href":"https:\/\/api.w.org\/{rel}","templated":true}]}}