{"id":2061,"date":"2025-09-18T15:49:02","date_gmt":"2025-09-18T15:49:02","guid":{"rendered":"https:\/\/studyenglishwithus.ca\/?page_id=2061"},"modified":"2025-09-18T15:49:02","modified_gmt":"2025-09-18T15:49:02","slug":"my-profile-seap","status":"publish","type":"page","link":"https:\/\/studyenglishwithus.ca\/?page_id=2061","title":{"rendered":"My Profile (SEAP)"},"content":{"rendered":"<div class=\"fs-account-guest\" style=\"background:#34495e;color:#fff;padding:18px 20px;border-radius:12px;max-width:700px;margin:0 auto 16px;text-align:center;box-shadow:0 10px 24px rgba(0,0,0,.12);\"><p class=\"fs-account-guest__msg\" style=\"margin:0 0 12px;font-weight:600;\">Please log in to see your account. \/ Vui l\u00f2ng \u0111\u0103ng nh\u1eadp \u0111\u1ec3 xem t\u00e0i kho\u1ea3n c\u1ee7a b\u1ea1n.<\/p><p style=\"margin:0;\"><a class=\"fsvg-btn fs-login-btn\" href=\"https:\/\/studyenglishwithus.ca\/?page_id=2019\" style=\"background:#04B6D4;color:#fff !important;border:none;border-radius:10px;font-weight:700;padding:12px 18px;display:inline-block;text-decoration:none;\">Log in \/ \u0110\u0103ng nh\u1eadp<\/a><\/p><\/div>\n","protected":false},"excerpt":{"rendered":"","protected":false},"author":1,"featured_media":0,"parent":0,"menu_order":0,"comment_status":"closed","ping_status":"closed","template":"template-blank.php","meta":{"_uag_custom_page_level_css":"","__cvm_playback_settings":[],"__cvm_video_id":"","footnotes":""},"class_list":["post-2061","page","type-page","status-publish","hentry"],"spectra_custom_meta":{"classic-editor-remember":["classic-editor"],"_edit_lock":["1759107612:1"],"_edit_last":["1"],"_wp_page_template":["template-blank.php"],"_vlog_meta":["a:2:{s:2:\"fa\";a:18:{s:6:\"layout\";s:1:\"1\";s:9:\"post_type\";s:4:\"post\";s:5:\"limit\";s:1:\"5\";s:5:\"order\";s:4:\"date\";s:6:\"manual\";s:0:\"\";s:4:\"sort\";s:4:\"DESC\";s:20:\"vimeo-videos_inc_exc\";s:2:\"in\";s:9:\"vimeo-tag\";s:0:\"\";s:17:\"vimeo-tag_inc_exc\";s:2:\"in\";s:11:\"cat_inc_exc\";s:2:\"in\";s:3:\"tag\";s:0:\"\";s:11:\"tag_inc_exc\";s:2:\"in\";s:6:\"series\";s:0:\"\";s:14:\"series_inc_exc\";s:2:\"in\";s:6:\"format\";s:1:\"0\";s:4:\"time\";s:1:\"0\";s:7:\"content\";s:0:\"\";s:8:\"bg_image\";s:0:\"\";}s:5:\"blank\";a:3:{s:10:\"page_title\";s:1:\"0\";s:6:\"header\";s:1:\"1\";s:6:\"footer\";s:1:\"1\";}}"],"_uag_page_assets":["a:9:{s:3:\"css\";s:263:\".uag-blocks-common-selector{z-index:var(--z-index-desktop) !important}@media (max-width: 976px){.uag-blocks-common-selector{z-index:var(--z-index-tablet) !important}}@media (max-width: 767px){.uag-blocks-common-selector{z-index:var(--z-index-mobile) !important}}\n\";s:2:\"js\";s:0:\"\";s:18:\"current_block_list\";a:7:{i:0;s:11:\"core\/search\";i:1;s:10:\"core\/group\";i:2;s:12:\"core\/heading\";i:3;s:17:\"core\/latest-posts\";i:4;s:20:\"core\/latest-comments\";i:5;s:13:\"core\/archives\";i:6;s:15:\"core\/categories\";}s:8:\"uag_flag\";b:0;s:11:\"uag_version\";s:10:\"1776389077\";s:6:\"gfonts\";a:0:{}s:10:\"gfonts_url\";s:0:\"\";s:12:\"gfonts_files\";a:0:{}s:14:\"uag_faq_layout\";b:0;}"],"rank_math_internal_links_processed":["1"],"_uag_css_file_name":["uag-css-2061.css"]},"uagb_featured_image_src":{"full":false,"thumbnail":false,"medium":false,"medium_large":false,"large":false,"1536x1536":false,"2048x2048":false,"vlog-lay-a":false,"vlog-lay-a-full":false,"vlog-lay-b":false,"vlog-lay-b-full":false,"vlog-lay-d":false,"vlog-lay-d-full":false,"vlog-lay-e":false,"vlog-lay-e-full":false,"vlog-lay-f":false,"vlog-lay-f-full":false,"vlog-lay-h":false,"vlog-lay-h-full":false,"vlog-cover-full":false,"vlog-cover-large":false,"vlog-cover-medium":false,"vlog-cover-small":false},"uagb_author_info":{"display_name":"Frank Spangler","author_link":"https:\/\/studyenglishwithus.ca\/author\/frank-sewu"},"uagb_comment_info":0,"uagb_excerpt":null,"_links":{"self":[{"href":"https:\/\/studyenglishwithus.ca\/index.php?rest_route=\/wp\/v2\/pages\/2061","targetHints":{"allow":["GET"]}}],"collection":[{"href":"https:\/\/studyenglishwithus.ca\/index.php?rest_route=\/wp\/v2\/pages"}],"about":[{"href":"https:\/\/studyenglishwithus.ca\/index.php?rest_route=\/wp\/v2\/types\/page"}],"author":[{"embeddable":true,"href":"https:\/\/studyenglishwithus.ca\/index.php?rest_route=\/wp\/v2\/users\/1"}],"replies":[{"embeddable":true,"href":"https:\/\/studyenglishwithus.ca\/index.php?rest_route=%2Fwp%2Fv2%2Fcomments&post=2061"}],"version-history":[{"count":1,"href":"https:\/\/studyenglishwithus.ca\/index.php?rest_route=\/wp\/v2\/pages\/2061\/revisions"}],"predecessor-version":[{"id":2062,"href":"https:\/\/studyenglishwithus.ca\/index.php?rest_route=\/wp\/v2\/pages\/2061\/revisions\/2062"}],"wp:attachment":[{"href":"https:\/\/studyenglishwithus.ca\/index.php?rest_route=%2Fwp%2Fv2%2Fmedia&parent=2061"}],"curies":[{"name":"wp","href":"https:\/\/api.w.org\/{rel}","templated":true}]}}