{"id":1991,"date":"2025-09-17T18:05:30","date_gmt":"2025-09-17T18:05:30","guid":{"rendered":"https:\/\/studyenglishwithus.ca\/?page_id=1991"},"modified":"2025-09-17T18:05:53","modified_gmt":"2025-09-17T18:05:53","slug":"vn-terms","status":"publish","type":"page","link":"https:\/\/studyenglishwithus.ca\/?page_id=1991","title":{"rendered":"VN Terms"},"content":{"rendered":"<div class=\"wp-block-image\">\n<figure class=\"aligncenter\"><img loading=\"lazy\" decoding=\"async\" width=\"1024\" height=\"359\" src=\"https:\/\/studyenglishwithus.ca\/wp-content\/uploads\/2025\/09\/TOS-Banner-1024x359.jpg\" alt=\"\" class=\"wp-image-1986\" srcset=\"https:\/\/studyenglishwithus.ca\/wp-content\/uploads\/2025\/09\/TOS-Banner-1024x359.jpg 1024w, https:\/\/studyenglishwithus.ca\/wp-content\/uploads\/2025\/09\/TOS-Banner-300x105.jpg 300w, https:\/\/studyenglishwithus.ca\/wp-content\/uploads\/2025\/09\/TOS-Banner-768x269.jpg 768w, https:\/\/studyenglishwithus.ca\/wp-content\/uploads\/2025\/09\/TOS-Banner-600x211.jpg 600w, https:\/\/studyenglishwithus.ca\/wp-content\/uploads\/2025\/09\/TOS-Banner-264x93.jpg 264w, https:\/\/studyenglishwithus.ca\/wp-content\/uploads\/2025\/09\/TOS-Banner.jpg 1200w\" sizes=\"auto, (max-width: 1024px) 100vw, 1024px\" \/><\/figure>\n<\/div>\n\n\n<p><\/p>\n\n\n\n<h2 class=\"wp-block-heading has-text-align-center font_2 wixui-rich-text__text\"><strong><strong>\u0110i\u1ec1u Kho\u1ea3n D\u1ecbch V\u1ee5 cho Study English with Us<\/strong><\/strong><\/h2>\n\n\n\n<p>Gi\u1edbi Thi\u1ec7u<\/p>\n\n\n\n<p>Ch\u00e0o m\u1eebng b\u1ea1n \u0111\u1ebfn v\u1edbi H\u1ecdc Ti\u1ebfng Anh C\u00f9ng Ch\u00fang T\u00f4i (&#8220;Trang Web&#8221;). B\u1eb1ng vi\u1ec7c truy c\u1eadp ho\u1eb7c s\u1eed d\u1ee5ng c\u00e1c d\u1ecbch v\u1ee5 c\u1ee7a ch\u00fang t\u00f4i, bao g\u1ed3m c\u00e1c t\u1ec7p PDF, b\u00e0i h\u1ecdc video v\u00e0 gi\u00e1o d\u1ee5c tr\u1ef1c tuy\u1ebfn (&#8220;D\u1ecbch V\u1ee5&#8221;), b\u1ea1n (&#8220;Ng\u01b0\u1eddi D\u00f9ng&#8221;) \u0111\u1ed3ng \u00fd tu\u00e2n th\u1ee7 v\u00e0 b\u1ecb r\u00e0ng bu\u1ed9c b\u1edfi c\u00e1c \u0110i\u1ec1u Kho\u1ea3n D\u1ecbch V\u1ee5 n\u00e0y (&#8220;\u0110i\u1ec1u Kho\u1ea3n&#8221;). N\u1ebfu b\u1ea1n kh\u00f4ng \u0111\u1ed3ng \u00fd v\u1edbi c\u00e1c \u0110i\u1ec1u Kho\u1ea3n n\u00e0y, vui l\u00f2ng kh\u00f4ng s\u1eed d\u1ee5ng D\u1ecbch V\u1ee5 c\u1ee7a ch\u00fang t\u00f4i.<\/p>\n\n\n\n<ol start=\"2\" class=\"wp-block-list\">\n<li>D\u1ecbch V\u1ee5 Cung C\u1ea5p<\/li>\n<\/ol>\n\n\n\n<p>Ch\u00fang t\u00f4i cung c\u1ea5p m\u1ed9t lo\u1ea1t c\u00e1c n\u1ed9i dung gi\u00e1o d\u1ee5c, bao g\u1ed3m:<\/p>\n\n\n\n<p>B\u00e0i H\u1ecdc Video: C\u00e1c video h\u01b0\u1edbng d\u1eabn \u0111\u01b0\u1ee3c ghi s\u1eb5n, bao qu\u00e1t nhi\u1ec1u kh\u00eda c\u1ea1nh c\u1ee7a vi\u1ec7c h\u1ecdc ti\u1ebfng Anh.<\/p>\n\n\n\n<p>Gi\u00e1o D\u1ee5c Tr\u1ef1c Tuy\u1ebfn: C\u00e1c bu\u1ed5i t\u01b0\u01a1ng t\u00e1c tr\u1ef1c ti\u1ebfp \u0111\u01b0\u1ee3c th\u1ef1c hi\u1ec7n b\u1edfi c\u00e1c gi\u1ea3ng vi\u00ean c\u00f3 tr\u00ecnh \u0111\u1ed9.<\/p>\n\n\n\n<p>H\u01b0\u1edbng D\u1eabn V\u0103n B\u1ea3n<\/p>\n\n\n\n<ol start=\"3\" class=\"wp-block-list\">\n<li>Tr\u00e1ch Nhi\u1ec7m C\u1ee7a Ng\u01b0\u1eddi D\u00f9ng<\/li>\n<\/ol>\n\n\n\n<p>L\u00e0 Ng\u01b0\u1eddi D\u00f9ng, b\u1ea1n \u0111\u1ed3ng \u00fd:<\/p>\n\n\n\n<p>\u0110\u0103ng K\u00fd T\u00e0i Kho\u1ea3n: Cung c\u1ea5p th\u00f4ng tin ch\u00ednh x\u00e1c v\u00e0 \u0111\u1ea7y \u0111\u1ee7 trong qu\u00e1 tr\u00ecnh \u0111\u0103ng k\u00fd v\u00e0 duy tr\u00ec t\u00ednh b\u1ea3o m\u1eadt c\u1ee7a th\u00f4ng tin \u0111\u0103ng nh\u1eadp t\u00e0i kho\u1ea3n c\u1ee7a b\u1ea1n.<\/p>\n\n\n\n<p>S\u1eed D\u1ee5ng H\u1ee3p L\u00fd: S\u1eed d\u1ee5ng D\u1ecbch V\u1ee5 ch\u1ec9 cho m\u1ee5c \u0111\u00edch gi\u00e1o d\u1ee5c c\u00e1 nh\u00e2n, phi th\u01b0\u01a1ng m\u1ea1i. Kh\u00f4ng \u0111\u01b0\u1ee3c ph\u00e9p chia s\u1ebb th\u00f4ng tin \u0111\u0103ng nh\u1eadp c\u1ee7a b\u1ea1n v\u1edbi ng\u01b0\u1eddi kh\u00e1c.<\/p>\n\n\n\n<p>Tu\u00e2n Th\u1ee7: Tu\u00e2n th\u1ee7 t\u1ea5t c\u1ea3 c\u00e1c lu\u1eadt v\u00e0 quy \u0111\u1ecbnh hi\u1ec7n h\u00e0nh khi s\u1eed d\u1ee5ng N\u1ec1n T\u1ea3ng.<\/p>\n\n\n\n<ol start=\"4\" class=\"wp-block-list\">\n<li>S\u1eed D\u1ee5ng N\u1ed9i Dung<\/li>\n<\/ol>\n\n\n\n<p>S\u1edf H\u1eefu Tr\u00ed Tu\u1ec7: T\u1ea5t c\u1ea3 n\u1ed9i dung \u0111\u01b0\u1ee3c cung c\u1ea5p th\u00f4ng qua N\u1ec1n T\u1ea3ng \u0111\u01b0\u1ee3c b\u1ea3o v\u1ec7 b\u1edfi lu\u1eadt b\u1ea3n quy\u1ec1n v\u00e0 c\u00e1c lu\u1eadt s\u1edf h\u1eefu tr\u00ed tu\u1ec7 kh\u00e1c. Ng\u01b0\u1eddi d\u00f9ng \u0111\u01b0\u1ee3c c\u1ea5p m\u1ed9t gi\u1ea5y ph\u00e9p gi\u1edbi h\u1ea1n, kh\u00f4ng \u0111\u1ed9c quy\u1ec1n, kh\u00f4ng th\u1ec3 chuy\u1ec3n nh\u01b0\u1ee3ng \u0111\u1ec3 truy c\u1eadp v\u00e0 xem n\u1ed9i dung ch\u1ec9 cho m\u1ee5c \u0111\u00edch s\u1eed d\u1ee5ng c\u00e1 nh\u00e2n.<\/p>\n\n\n\n<p>Ho\u1ea1t \u0110\u1ed9ng B\u1ecb C\u1ea5m: Ng\u01b0\u1eddi d\u00f9ng kh\u00f4ng \u0111\u01b0\u1ee3c sao ch\u00e9p, ph\u00e2n ph\u1ed1i, ch\u1ec9nh s\u1eeda ho\u1eb7c t\u1ea1o ra c\u00e1c t\u00e1c ph\u1ea9m ph\u00e1i sinh t\u1eeb n\u1ed9i dung m\u00e0 kh\u00f4ng c\u00f3 s\u1ef1 cho ph\u00e9p r\u00f5 r\u00e0ng.<\/p>\n\n\n\n<ol start=\"5\" class=\"wp-block-list\">\n<li>Thanh To\u00e1n v\u00e0 Ho\u00e0n Ti\u1ec1n<\/li>\n<\/ol>\n\n\n\n<p>Ph\u00ed \u0110\u0103ng K\u00fd: Vi\u1ec7c truy c\u1eadp v\u00e0o D\u1ecbch V\u1ee5 c\u00f3 th\u1ec3 y\u00eau c\u1ea7u thanh to\u00e1n. Chi ti\u1ebft v\u1ec1 c\u00e1c g\u00f3i \u0111\u0103ng k\u00fd v\u00e0 ph\u00ed \u0111\u01b0\u1ee3c cung c\u1ea5p tr\u00ean trang web c\u1ee7a ch\u00fang t\u00f4i.<\/p>\n\n\n\n<p>Ch\u00ednh S\u00e1ch Ho\u00e0n Ti\u1ec1n: Vi\u1ec7c ho\u00e0n ti\u1ec1n ch\u1ec9 \u0111\u01b0\u1ee3c ch\u1ea5p nh\u1eadn khi c\u00f3 b\u1eb1ng ch\u1ee9ng cho th\u1ea5y h\u1ec7 th\u1ed1ng c\u1ee7a ch\u00fang t\u00f4i c\u00f3 l\u1ed7i.<\/p>\n\n\n\n<ol start=\"6\" class=\"wp-block-list\">\n<li>Quy\u1ec1n Ri\u00eang T\u01b0 v\u00e0 B\u1ea3o V\u1ec7 D\u1eef Li\u1ec7u<\/li>\n<\/ol>\n\n\n\n<p>Thu Th\u1eadp D\u1eef Li\u1ec7u: Ch\u00fang t\u00f4i thu th\u1eadp th\u00f4ng tin c\u00e1 nh\u00e2n nh\u01b0 \u0111\u01b0\u1ee3c n\u00eau trong Ch\u00ednh S\u00e1ch Quy\u1ec1n Ri\u00eang T\u01b0 c\u1ee7a ch\u00fang t\u00f4i.<\/p>\n\n\n\n<p>S\u1eed D\u1ee5ng D\u1eef Li\u1ec7u: D\u1eef li\u1ec7u c\u1ee7a b\u1ea1n \u0111\u01b0\u1ee3c s\u1eed d\u1ee5ng \u0111\u1ec3 cung c\u1ea5p v\u00e0 c\u1ea3i thi\u1ec7n D\u1ecbch V\u1ee5 c\u1ee7a ch\u00fang t\u00f4i v\u00e0 kh\u00f4ng \u0111\u01b0\u1ee3c chia s\u1ebb v\u1edbi b\u00ean th\u1ee9 ba m\u00e0 kh\u00f4ng c\u00f3 s\u1ef1 \u0111\u1ed3ng \u00fd c\u1ee7a b\u1ea1n, tr\u1eeb khi \u0111\u01b0\u1ee3c y\u00eau c\u1ea7u b\u1edfi ph\u00e1p lu\u1eadt.<\/p>\n\n\n\n<ol start=\"7\" class=\"wp-block-list\">\n<li>C\u00e1c Bu\u1ed5i Tr\u1ef1c Tuy\u1ebfn<\/li>\n<\/ol>\n\n\n\n<p>L\u1ecbch Tr\u00ecnh: C\u00e1c bu\u1ed5i tr\u1ef1c tuy\u1ebfn \u0111\u01b0\u1ee3c l\u00ean l\u1ecbch tr\u01b0\u1edbc. Ng\u01b0\u1eddi d\u00f9ng s\u1ebd nh\u1eadn \u0111\u01b0\u1ee3c th\u00f4ng b\u00e1o v\u1edbi chi ti\u1ebft v\u1ec1 c\u00e1ch tham gia.<\/p>\n\n\n\n<p>H\u00e0nh Vi: Ng\u01b0\u1eddi d\u00f9ng \u0111\u01b0\u1ee3c y\u00eau c\u1ea7u duy tr\u00ec h\u00e0nh vi t\u00f4n tr\u1ecdng trong su\u1ed1t c\u00e1c bu\u1ed5i tr\u1ef1c tuy\u1ebfn. H\u00e0nh vi g\u00e2y r\u1ed1i c\u00f3 th\u1ec3 d\u1eabn \u0111\u1ebfn vi\u1ec7c b\u1ecb lo\u1ea1i kh\u1ecfi bu\u1ed5i h\u1ecdc v\u00e0 c\u00f3 th\u1ec3 b\u1ecb \u0111\u00ecnh ch\u1ec9 quy\u1ec1n truy c\u1eadp.<\/p>\n\n\n\n<p>Ghi H\u00ecnh: M\u1ed9t s\u1ed1 bu\u1ed5i tr\u1ef1c tuy\u1ebfn c\u00f3 th\u1ec3 \u0111\u01b0\u1ee3c ghi l\u1ea1i cho m\u1ee5c \u0111\u00edch gi\u00e1o d\u1ee5c. B\u1eb1ng vi\u1ec7c tham gia, b\u1ea1n \u0111\u1ed3ng \u00fd v\u1edbi vi\u1ec7c ghi h\u00ecnh n\u00e0y.<\/p>\n\n\n\n<ol start=\"8\" class=\"wp-block-list\">\n<li>Ch\u1ea5m D\u1ee9t<\/li>\n<\/ol>\n\n\n\n<p>Ch\u00fang t\u00f4i c\u00f3 quy\u1ec1n \u0111\u00ecnh ch\u1ec9 ho\u1eb7c ch\u1ea5m d\u1ee9t quy\u1ec1n truy c\u1eadp c\u1ee7a b\u1ea1n v\u00e0o N\u1ec1n T\u1ea3ng n\u1ebfu b\u1ea1n vi ph\u1ea1m c\u00e1c \u0110i\u1ec1u Kho\u1ea3n n\u00e0y ho\u1eb7c tham gia v\u00e0o h\u00e0nh vi g\u00e2y h\u1ea1i cho N\u1ec1n T\u1ea3ng ho\u1eb7c Ng\u01b0\u1eddi D\u00f9ng kh\u00e1c.<\/p>\n\n\n\n<ol start=\"9\" class=\"wp-block-list\">\n<li>Gi\u1edbi H\u1ea1n Tr\u00e1ch Nhi\u1ec7m<\/li>\n<\/ol>\n\n\n\n<p>Tr\u00e1ch nhi\u1ec7m c\u1ee7a ch\u00fang t\u00f4i \u0111\u01b0\u1ee3c gi\u1edbi h\u1ea1n \u1edf m\u1ee9c t\u1ed1i \u0111a \u0111\u01b0\u1ee3c ph\u00e1p lu\u1eadt cho ph\u00e9p. Ch\u00fang t\u00f4i kh\u00f4ng ch\u1ecbu tr\u00e1ch nhi\u1ec7m cho c\u00e1c thi\u1ec7t h\u1ea1i gi\u00e1n ti\u1ebfp, ng\u1eabu nhi\u00ean ho\u1eb7c h\u1ec7 qu\u1ea3 ph\u00e1t sinh t\u1eeb vi\u1ec7c b\u1ea1n s\u1eed d\u1ee5ng Trang Web.<\/p>\n\n\n\n<ol start=\"10\" class=\"wp-block-list\">\n<li>Lu\u1eadt \u00c1p D\u1ee5ng<\/li>\n<\/ol>\n\n\n\n<p>C\u00e1c \u0110i\u1ec1u Kho\u1ea3n n\u00e0y \u0111\u01b0\u1ee3c \u0111i\u1ec1u ch\u1ec9nh b\u1edfi lu\u1eadt ph\u00e1p c\u1ee7a qu\u1ed1c gia c\u1ee7a b\u1ea1n, kh\u00f4ng x\u00e9t \u0111\u1ebfn c\u00e1c nguy\u00ean t\u1eafc xung \u0111\u1ed9t ph\u00e1p lu\u1eadt.<\/p>\n\n\n\n<ol start=\"11\" class=\"wp-block-list\">\n<li>Thay \u0110\u1ed5i \u0110i\u1ec1u Kho\u1ea3n<\/li>\n<\/ol>\n\n\n\n<p>Ch\u00fang t\u00f4i c\u00f3 th\u1ec3 c\u1eadp nh\u1eadt c\u00e1c \u0110i\u1ec1u Kho\u1ea3n n\u00e0y \u0111\u1ecbnh k\u1ef3. Ng\u01b0\u1eddi d\u00f9ng s\u1ebd \u0111\u01b0\u1ee3c th\u00f4ng b\u00e1o v\u1ec1 nh\u1eefng thay \u0111\u1ed5i quan tr\u1ecdng, v\u00e0 vi\u1ec7c ti\u1ebfp t\u1ee5c s\u1eed d\u1ee5ng D\u1ecbch V\u1ee5 \u0111\u1ed3ng ngh\u0129a v\u1edbi vi\u1ec7c ch\u1ea5p nh\u1eadn c\u00e1c \u0110i\u1ec1u Kho\u1ea3n \u0111\u01b0\u1ee3c c\u1eadp nh\u1eadt.<\/p>\n\n\n\n<ol start=\"12\" class=\"wp-block-list\">\n<li>Th\u00f4ng Tin Li\u00ean H\u1ec7<\/li>\n<\/ol>\n\n\n\n<p>\u0110\u1ec3 c\u00f3 c\u00e2u h\u1ecfi ho\u1eb7c quan ng\u1ea1i v\u1ec1 c\u00e1c \u0110i\u1ec1u Kho\u1ea3n n\u00e0y, vui l\u00f2ng li\u00ean h\u1ec7 v\u1edbi ch\u00fang t\u00f4i qua bi\u1ec3u m\u1eabu li\u00ean h\u1ec7 c\u1ee7a ch\u00fang t\u00f4i.<\/p>\n","protected":false},"excerpt":{"rendered":"<p>\u0110i\u1ec1u Kho\u1ea3n D\u1ecbch V\u1ee5 cho Study English with Us Gi\u1edbi Thi\u1ec7u Ch\u00e0o m\u1eebng b\u1ea1n \u0111\u1ebfn v\u1edbi H\u1ecdc Ti\u1ebfng Anh C\u00f9ng Ch\u00fang T\u00f4i (&#8220;Trang Web&#8221;). B\u1eb1ng vi\u1ec7c truy c\u1eadp ho\u1eb7c s\u1eed d\u1ee5ng c\u00e1c d\u1ecbch v\u1ee5 c\u1ee7a ch\u00fang t\u00f4i, bao g\u1ed3m c\u00e1c t\u1ec7p PDF, b\u00e0i h\u1ecdc video v\u00e0 gi\u00e1o d\u1ee5c tr\u1ef1c tuy\u1ebfn (&#8220;D\u1ecbch V\u1ee5&#8221;), b\u1ea1n (&#8220;Ng\u01b0\u1eddi D\u00f9ng&#8221;) [&hellip;]<\/p>\n","protected":false},"author":1,"featured_media":0,"parent":0,"menu_order":0,"comment_status":"closed","ping_status":"closed","template":"template-blank.php","meta":{"_uag_custom_page_level_css":"","__cvm_playback_settings":[],"__cvm_video_id":"","footnotes":""},"class_list":["post-1991","page","type-page","status-publish","hentry"],"spectra_custom_meta":{"classic-editor-remember":["block-editor"],"_edit_last":["1"],"_edit_lock":["1758132432:1"],"_wp_page_template":["template-blank.php"],"_vlog_meta":["a:2:{s:2:\"fa\";a:18:{s:6:\"layout\";s:1:\"1\";s:9:\"post_type\";s:4:\"post\";s:5:\"limit\";s:1:\"5\";s:5:\"order\";s:4:\"date\";s:6:\"manual\";s:0:\"\";s:4:\"sort\";s:4:\"DESC\";s:20:\"vimeo-videos_inc_exc\";s:2:\"in\";s:9:\"vimeo-tag\";s:0:\"\";s:17:\"vimeo-tag_inc_exc\";s:2:\"in\";s:11:\"cat_inc_exc\";s:2:\"in\";s:3:\"tag\";s:0:\"\";s:11:\"tag_inc_exc\";s:2:\"in\";s:6:\"series\";s:0:\"\";s:14:\"series_inc_exc\";s:2:\"in\";s:6:\"format\";s:1:\"0\";s:4:\"time\";s:1:\"0\";s:7:\"content\";s:0:\"\";s:8:\"bg_image\";s:0:\"\";}s:5:\"blank\";a:3:{s:10:\"page_title\";s:1:\"0\";s:6:\"header\";s:1:\"1\";s:6:\"footer\";s:1:\"1\";}}"],"_uag_page_assets":["a:9:{s:3:\"css\";s:263:\".uag-blocks-common-selector{z-index:var(--z-index-desktop) !important}@media (max-width: 976px){.uag-blocks-common-selector{z-index:var(--z-index-tablet) !important}}@media (max-width: 767px){.uag-blocks-common-selector{z-index:var(--z-index-mobile) !important}}\n\";s:2:\"js\";s:0:\"\";s:18:\"current_block_list\";a:11:{i:0;s:10:\"core\/image\";i:1;s:14:\"core\/paragraph\";i:2;s:12:\"core\/heading\";i:3;s:9:\"core\/list\";i:4;s:14:\"core\/list-item\";i:5;s:11:\"core\/search\";i:6;s:10:\"core\/group\";i:7;s:17:\"core\/latest-posts\";i:8;s:20:\"core\/latest-comments\";i:9;s:13:\"core\/archives\";i:10;s:15:\"core\/categories\";}s:8:\"uag_flag\";b:0;s:11:\"uag_version\";s:10:\"1776389077\";s:6:\"gfonts\";a:0:{}s:10:\"gfonts_url\";s:0:\"\";s:12:\"gfonts_files\";a:0:{}s:14:\"uag_faq_layout\";b:0;}"],"rank_math_og_content_image":["a:2:{s:5:\"check\";s:32:\"ef7e2bc9a5ca0884839916a938268124\";s:6:\"images\";a:1:{i:0;i:1986;}}"],"rank_math_internal_links_processed":["1"],"_uag_css_file_name":["uag-css-1991.css"]},"uagb_featured_image_src":{"full":false,"thumbnail":false,"medium":false,"medium_large":false,"large":false,"1536x1536":false,"2048x2048":false,"vlog-lay-a":false,"vlog-lay-a-full":false,"vlog-lay-b":false,"vlog-lay-b-full":false,"vlog-lay-d":false,"vlog-lay-d-full":false,"vlog-lay-e":false,"vlog-lay-e-full":false,"vlog-lay-f":false,"vlog-lay-f-full":false,"vlog-lay-h":false,"vlog-lay-h-full":false,"vlog-cover-full":false,"vlog-cover-large":false,"vlog-cover-medium":false,"vlog-cover-small":false},"uagb_author_info":{"display_name":"Frank Spangler","author_link":"https:\/\/studyenglishwithus.ca\/author\/frank-sewu"},"uagb_comment_info":0,"uagb_excerpt":"\u0110i\u1ec1u Kho\u1ea3n D\u1ecbch V\u1ee5 cho Study English with Us Gi\u1edbi Thi\u1ec7u Ch\u00e0o m\u1eebng b\u1ea1n \u0111\u1ebfn v\u1edbi H\u1ecdc Ti\u1ebfng Anh C\u00f9ng Ch\u00fang T\u00f4i (&#8220;Trang Web&#8221;). B\u1eb1ng vi\u1ec7c truy c\u1eadp ho\u1eb7c s\u1eed d\u1ee5ng c\u00e1c d\u1ecbch v\u1ee5 c\u1ee7a ch\u00fang t\u00f4i, bao g\u1ed3m c\u00e1c t\u1ec7p PDF, b\u00e0i h\u1ecdc video v\u00e0 gi\u00e1o d\u1ee5c tr\u1ef1c tuy\u1ebfn (&#8220;D\u1ecbch V\u1ee5&#8221;), b\u1ea1n (&#8220;Ng\u01b0\u1eddi D\u00f9ng&#8221;)&hellip;","_links":{"self":[{"href":"https:\/\/studyenglishwithus.ca\/index.php?rest_route=\/wp\/v2\/pages\/1991","targetHints":{"allow":["GET"]}}],"collection":[{"href":"https:\/\/studyenglishwithus.ca\/index.php?rest_route=\/wp\/v2\/pages"}],"about":[{"href":"https:\/\/studyenglishwithus.ca\/index.php?rest_route=\/wp\/v2\/types\/page"}],"author":[{"embeddable":true,"href":"https:\/\/studyenglishwithus.ca\/index.php?rest_route=\/wp\/v2\/users\/1"}],"replies":[{"embeddable":true,"href":"https:\/\/studyenglishwithus.ca\/index.php?rest_route=%2Fwp%2Fv2%2Fcomments&post=1991"}],"version-history":[{"count":2,"href":"https:\/\/studyenglishwithus.ca\/index.php?rest_route=\/wp\/v2\/pages\/1991\/revisions"}],"predecessor-version":[{"id":1993,"href":"https:\/\/studyenglishwithus.ca\/index.php?rest_route=\/wp\/v2\/pages\/1991\/revisions\/1993"}],"wp:attachment":[{"href":"https:\/\/studyenglishwithus.ca\/index.php?rest_route=%2Fwp%2Fv2%2Fmedia&parent=1991"}],"curies":[{"name":"wp","href":"https:\/\/api.w.org\/{rel}","templated":true}]}}