{"id":1829,"date":"2025-09-16T20:56:43","date_gmt":"2025-09-16T20:56:43","guid":{"rendered":"https:\/\/studyenglishwithus.ca\/?page_id=1829"},"modified":"2025-09-23T00:31:55","modified_gmt":"2025-09-23T00:31:55","slug":"ve-chung-toi","status":"publish","type":"page","link":"https:\/\/studyenglishwithus.ca\/?page_id=1829","title":{"rendered":"Gi\u1edbi thi\u1ec7u"},"content":{"rendered":"\n<figure class=\"wp-block-image size-full\"><img loading=\"lazy\" decoding=\"async\" width=\"700\" height=\"441\" src=\"https:\/\/studyenglishwithus.ca\/wp-content\/uploads\/2025\/09\/FrankandTKnologo.png\" alt=\"\" class=\"wp-image-35\" srcset=\"https:\/\/studyenglishwithus.ca\/wp-content\/uploads\/2025\/09\/FrankandTKnologo.png 700w, https:\/\/studyenglishwithus.ca\/wp-content\/uploads\/2025\/09\/FrankandTKnologo-300x189.png 300w\" sizes=\"auto, (max-width: 700px) 100vw, 700px\" \/><\/figure>\n\n\n\n<h2 class=\"wp-block-heading\">G\u1eb7p G\u1ee1 C\u00e1c Gi\u00e1o Vi\u00ean C\u1ee7a B\u1ea1n:<\/h2>\n\n\n\n<div class=\"wp-block-columns is-layout-flex wp-container-core-columns-is-layout-9d6595d7 wp-block-columns-is-layout-flex\">\n<div class=\"wp-block-column is-layout-flow wp-block-column-is-layout-flow\">\n<figure class=\"wp-block-image size-full\"><img loading=\"lazy\" decoding=\"async\" width=\"403\" height=\"600\" src=\"https:\/\/studyenglishwithus.ca\/wp-content\/uploads\/2025\/09\/FamilyOct2023-63.jpg\" alt=\"\" class=\"wp-image-37\" srcset=\"https:\/\/studyenglishwithus.ca\/wp-content\/uploads\/2025\/09\/FamilyOct2023-63.jpg 403w, https:\/\/studyenglishwithus.ca\/wp-content\/uploads\/2025\/09\/FamilyOct2023-63-202x300.jpg 202w\" sizes=\"auto, (max-width: 403px) 100vw, 403px\" \/><\/figure>\n<\/div>\n\n\n\n<div class=\"wp-block-column is-layout-flow wp-block-column-is-layout-flow\">\n<p>&nbsp;<\/p>\n\n\n\n<h2 class=\"wp-block-heading\">Truc Khanh Tran<\/h2>\n\n\n\n<p><strong>Truc Khanh<\/strong>&nbsp;(TK) b\u1eaft \u0111\u1ea7u h\u1ecdc ti\u1ebfng Anh t\u1eeb khi c\u00f2n r\u1ea5t nh\u1ecf, luy\u1ec7n nghe qua c\u00e1c cu\u1ed1ng b\u0103ng cat-set m\u00e0 B\u1ed1 c\u00f4 \u1ea5y th\u01b0\u1eddng xuy\u00ean m\u1edf ra m\u1ed7i ng\u00e0y. Sau \u0111\u00f3, c\u00f4 \u1ea5y ti\u1ebfp t\u1ee5c h\u1ecdc v\u00e0 t\u1ed1t nghi\u1ec7p c\u1eed nh\u00e2n ngo\u1ea1i ng\u1eef t\u1ea1i Vi\u1ec7t Nam, k\u1ebf \u0111\u1ebfn l\u00e0 t\u1ed1t nghi\u1ec7p c\u1eed nh\u00e2n k\u1ebf to\u00e1n t\u1ea1i m\u1ed9t tr\u01b0\u1eddng \u0111\u1ea1i h\u1ecdc qu\u1ed1c t\u1ebf t\u1ea1i Th\u00e1i-lan. TK c\u00f3 nhi\u1ec1u kinh nghi\u1ec7m trong vi\u1ec7c d\u1ea1y ngo\u1ea1i ng\u1eef cho c\u00e1c nh\u00f3m nh\u1ecf, v\u00e0 gi\u1edd \u0111\u00e2y c\u00f4 \u1ea5y mang nh\u1eefng kinh nghi\u1ec7m \u0111\u00f3 truy\u1ec1n t\u1ea3i v\u00e0o c\u00e1c b\u00e0i h\u1ecdc \u0111\u1ec3 h\u01b0\u1edbng d\u1eabn cho c\u00e1c h\u1ecdc vi\u00ean tr\u00ean to\u00e0n th\u1ebf gi\u1edbi, \u0111\u1ec3 cho b\u1ea5t k\u1ef3 ai mu\u1ed1n, \u0111\u1ec1u c\u00f3 th\u1ec3 d\u1ec5 d\u00e0ng h\u1ecdc \u0111\u01b0\u1ee3c. C\u00e1c b\u00e0i h\u1ecdc c\u1ee7a c\u00f4 \u1ea5y so\u1ea1n th\u1ea3o ch\u1ee7 y\u1ebfu d\u00e0nh cho c\u00e1c h\u1ecdc vi\u00ean Vi\u1ec7t Nam v\u00e0 c\u00f4 \u1ea5y d\u00e0nh nhi\u1ec1u th\u1eddi gian \u0111\u1ec3 gi\u1ea3i th\u00edch 1 c\u00e1ch c\u1eb7n k\u1ebd nh\u1ea5t \u0111\u1ec3 nh\u1eb1m mang \u0111\u1ebfn s\u1ef1 hi\u1ec3u bi\u1ebft s\u00e2u s\u1eafc c\u0169ng nh\u01b0 \u0111\u01b0a ra nh\u1eefng ph\u01b0\u01a1ng ph\u00e1p, m\u1eb9o ghi nh\u1edb gi\u00fap h\u1ecdc sinh h\u1ecdc t\u1ed1t h\u01a1n, hi\u1ec3u nhi\u1ec1u h\u01a1n v\u00e0 nh\u1edb b\u00e0i t\u1ed1t h\u01a1n.<\/p>\n<\/div>\n<\/div>\n\n\n\n<div class=\"wp-block-columns is-layout-flex wp-container-core-columns-is-layout-9d6595d7 wp-block-columns-is-layout-flex\">\n<div class=\"wp-block-column is-layout-flow wp-block-column-is-layout-flow\">\n<p>&nbsp;<\/p>\n\n\n\n<h2 class=\"wp-block-heading\">Frank Spangler<\/h2>\n\n\n\n<p>Frank Spangler l\u00e0 m\u1ed9t nhi\u1ebfp \u1ea3nh gia, nh\u00e0 s\u1ea3n xu\u1ea5t phim \u1ea3nh v\u00e0 gi\u00e1o vi\u00ean tr\u00ean m\u1ea1ng. C\u00f4ng vi\u1ec7c c\u1ee7a anh \u0111\u00e3 \u0111\u01b0a anh \u0111\u1ebfn h\u01a1n 80 qu\u1ed1c gia tr\u00ean th\u1ebf gi\u1edbi. Anh \u0111\u00e3 t\u1eebng l\u00e0m vi\u1ec7c v\u1edbi c\u00e1c th\u00f4ng d\u1ecbch vi\u00ean c\u1ee7a h\u01a1n 100 ng\u00f4n ng\u1eef kh\u00e1c nhau. T\u1ea5t c\u1ea3 nh\u1eefng \u0111i\u1ec1u n\u00e0y mang l\u1ea1i cho anh kinh nghi\u1ec7m \u0111\u1ec3 giao ti\u1ebfp v\u1edbi nh\u1eefng ai m\u00e0 ti\u1ebfng Anh kh\u00f4ng ph\u1ea3i l\u00e0 ti\u1ebfng M\u1eb9 \u0111\u1ebb c\u1ee7a m\u00ecnh. Anh Frank \u0111\u01b0\u1ee3c sinh ra t\u1ea1i Canada, v\u00e0 \u0111\u00e3 s\u1ed1ng r\u1ea5t nhi\u1ec1u n\u0103m t\u1ea1i M\u1ef9, l\u00e0 n\u01a1i anh \u0111\u00e3 h\u1ecdc c\u00e1c c\u1ea5p b\u1eb1ng \u0111\u1ea1i h\u1ecdc. Khi l\u00e0m c\u00e1c c\u00f4ng vi\u1ec7c l\u1ed3ng ti\u1ebfng v\u00e0 t\u01b0\u1eddng th\u1eadt cho c\u00e1c s\u1ea3n ph\u1ea9m phim \u1ea3nh, anh Frank \u0111\u00e3 c\u1ea9n th\u1eadn \u0111\u1ec3 duy tr\u00ec m\u1ed9t gi\u1ecdng n\u00f3i ti\u1ebfng Anh r\u1ea5t t\u1ef1 nhi\u00ean c\u1ee7a v\u00f9ng B\u1eafc M\u1ef9. Gi\u1ed1ng nh\u01b0 c\u00e1c ph\u00e1t thanh vi\u00ean tr\u00ean truy\u1ec1n h\u00ecnh ho\u1eb7c \u0111\u00e0i ph\u00e1t thanh, l\u00e0 nh\u1eefng ng\u01b0\u1eddi \u0111\u01b0\u1ee3c ch\u1ecdn l\u1ecdc v\u00ec h\u1ecd c\u00f3 nh\u1eefng gi\u1ecdng n\u00f3i \u0111\u1ea1t chu\u1ea9n h\u1ea7u cho t\u1ea5t c\u1ea3 nh\u1eefng ai sinh s\u1ed1ng t\u1ea1i v\u00f9ng B\u1eafc M\u1ef9 \u0111\u1ec1u c\u00f3 th\u1ec3 d\u1ec5 d\u00e0ng hi\u1ec3u \u0111\u01b0\u1ee3c, c\u00e1c b\u1ea1n s\u1ebd \u0111\u01b0\u1ee3c h\u1ecdc chung v\u1edbi 1 gi\u00e1o vi\u00ean c\u00f3 gi\u1ecdng n\u00f3i chu\u1ea9n c\u1ee7a ng\u01b0\u1eddi Canada v\u00e0 ng\u01b0\u1eddi M\u1ef9. Gi\u1ecdng n\u00f3i theo phong c\u00e1ch th\u00e2n thi\u1ec7n v\u00e0 \u0111\u1ee7 chu\u1ea9n nh\u01b0 c\u1ee7a c\u00e1c ph\u00e1t thanh vi\u00ean c\u1ee7a anh Frank s\u1ebd gi\u00fap c\u00e1c b\u1ea1n \u0111\u1ea1t \u0111\u01b0\u1ee3c t\u1ea7m cao m\u1edbi trong h\u00e0nh tr\u00ecnh ho\u00e0n thi\u1ec7n th\u00f4ng th\u1ea1o ti\u1ebfng Anh c\u1ee7a m\u00ecnh.<\/p>\n<\/div>\n\n\n\n<div class=\"wp-block-column is-layout-flow wp-block-column-is-layout-flow\">\n<figure class=\"wp-block-image size-full\"><img loading=\"lazy\" decoding=\"async\" width=\"366\" height=\"600\" src=\"https:\/\/studyenglishwithus.ca\/wp-content\/uploads\/2025\/09\/fankinmongolia.jpg\" alt=\"\" class=\"wp-image-40\" srcset=\"https:\/\/studyenglishwithus.ca\/wp-content\/uploads\/2025\/09\/fankinmongolia.jpg 366w, https:\/\/studyenglishwithus.ca\/wp-content\/uploads\/2025\/09\/fankinmongolia-183x300.jpg 183w\" sizes=\"auto, (max-width: 366px) 100vw, 366px\" \/><\/figure>\n<\/div>\n<\/div>\n\n\n\n<div class=\"wp-block-columns is-layout-flex wp-container-core-columns-is-layout-9d6595d7 wp-block-columns-is-layout-flex\">\n<div class=\"wp-block-column is-layout-flow wp-block-column-is-layout-flow\">\n<figure class=\"wp-block-image size-large is-resized\"><img loading=\"lazy\" decoding=\"async\" width=\"749\" height=\"1024\" src=\"https:\/\/studyenglishwithus.ca\/wp-content\/uploads\/2025\/09\/Frank-and-TKM2-749x1024.jpg\" alt=\"\" class=\"wp-image-47\" style=\"width:360px\" srcset=\"https:\/\/studyenglishwithus.ca\/wp-content\/uploads\/2025\/09\/Frank-and-TKM2-749x1024.jpg 749w, https:\/\/studyenglishwithus.ca\/wp-content\/uploads\/2025\/09\/Frank-and-TKM2-219x300.jpg 219w, https:\/\/studyenglishwithus.ca\/wp-content\/uploads\/2025\/09\/Frank-and-TKM2-768x1051.jpg 768w, https:\/\/studyenglishwithus.ca\/wp-content\/uploads\/2025\/09\/Frank-and-TKM2.jpg 780w\" sizes=\"auto, (max-width: 749px) 100vw, 749px\" \/><\/figure>\n<\/div>\n\n\n\n<div class=\"wp-block-column is-layout-flow wp-block-column-is-layout-flow\">\n<p>&nbsp;<\/p>\n\n\n\n<h2 class=\"wp-block-heading\">S\u1ee9 M\u1ec7nh C\u1ee7a Ch\u00fang T\u00f4i<\/h2>\n\n\n\n<p>S\u1ee9 m\u1ec7nh c\u1ee7a ch\u00fang t\u00f4i l\u00e0 gi\u00fap c\u00e1c b\u1ea1n \u0111\u1ea1t \u0111\u01b0\u1ee3c m\u1ee5c ti\u00eau trong vi\u1ec7c th\u00e0nh th\u1ea1o ti\u1ebfng Anh c\u1ee7a m\u00ecnh. T\u1ea5t c\u1ea3 c\u00e1c cu\u1ed9c h\u00e0nh tr\u00ecnh l\u00ean \u0111\u1ebfn \u0111\u1ec9nh n\u00fai \u0111\u1ec1u kh\u1edfi \u0111\u1ea7u b\u1eb1ng m\u1ed9t b\u01b0\u1edbc ch\u00e2n \u0111\u1ea7u ti\u00ean. Ch\u00fang t\u00f4i lu\u00f4n s\u1eb5n l\u00f2ng \u0111\u1ec3 h\u1ed7 tr\u1ee3 v\u00e0 khuy\u1ebfn kh\u00edch, \u0111\u1ed9ng vi\u00ean c\u00e1c b\u1ea1n b\u1eb1ng nh\u1eefng b\u00e0i h\u1ecdc th\u00fa v\u1ecb, \u0111a d\u1ea1ng. Ch\u00fang t\u00f4i m\u1eddi b\u1ea1n tr\u1edf th\u00e0nh m\u1ed9t th\u00e0nh vi\u00ean trong \u0111\u1ea1i gia \u0111\u00ecnh h\u1ecdc vi\u00ean tr\u00ean to\u00e0n th\u1ebf gi\u1edbi. C\u00e1c ch\u01b0\u01a1ng tr\u00ecnh tr\u00ean trang web v\u00e0 c\u00e1c \u1ee9ng d\u1ee5ng tr\u00ean \u0111i\u1ec7n tho\u1ea1i s\u1ebd gi\u00fap c\u00e1c b\u1ea1n t\u1eadp trung v\u00e0o ph\u1ea7n h\u1ecdc t\u1eadp v\u00e0 kh\u00edch l\u1ec7 c\u00e1c b\u1ea1n h\u1ecdc t\u1ed1t h\u01a1n. Ch\u00fang t\u00f4i v\u1eabn li\u00ean t\u1ee5c ph\u00e1t tri\u1ec3n c\u00e1c b\u00e0i h\u1ecdc m\u1edbi, c\u00e1c ch\u1ee7 \u0111\u1ec1 m\u1edbi \u0111\u1ec3 c\u00f9ng \u0111\u1ed3ng h\u00e0nh v\u00e0 ti\u1ebfn b\u1ed9 v\u1edbi c\u00e1c b\u1ea1n. H\u00e3y tham gia c\u00f9ng ch\u00fang t\u00f4i qua c\u00e1c b\u00e0i h\u1ecdc, t\u01b0\u01a1ng t\u00e1c c\u00f9ng ch\u00fang t\u00f4i v\u00e0 c\u00f9ng c\u00e1c h\u1ecdc vi\u00ean kh\u00e1c qua c\u00e1c trang m\u1ea1ng x\u00e3 h\u1ed9i, v\u00e0 c\u00e1c b\u00e0i h\u1ecdc.<\/p>\n<\/div>\n<\/div>\n\n\n\n<div class=\"wp-block-columns is-layout-flex wp-container-core-columns-is-layout-9d6595d7 wp-block-columns-is-layout-flex\">\n<div class=\"wp-block-column is-layout-flow wp-block-column-is-layout-flow\">\n<h2 class=\"wp-block-heading\"><br>Li\u00ean L\u1ea1c V\u1edbi Ch\u00fang T\u00f4i<\/h2>\n\n\n\n<p>Ch\u00fang t\u00f4i t\u1ecda l\u1ea1c kh\u00f4ng xa th\u00e0nh ph\u1ed1 xinh \u0111\u1eb9p Toronto, t\u1ec9nh Ontario, \u0111\u1ea5t n\u01b0\u1edbc Canada, tuy nhi\u00ean s\u1ef1 hi\u1ec7n di\u1ec7n c\u1ee7a ch\u00fang t\u00f4i l\u00e0 tr\u00ean to\u00e0n th\u1ebf gi\u1edbi. H\u00e3y theo d\u00f5i trang Facebook c\u1ee7a ch\u00fang t\u00f4i v\u00e0 n\u1ebfu c\u00e1c b\u1ea1n c\u00f3 b\u1ea5t k\u1ef3 th\u1eafc m\u1eafc n\u00e0o v\u1ec1 ch\u01b0\u01a1ng tr\u00ecnh c\u1ee7a ch\u00fang t\u00f4i, xin m\u1ea1nh d\u1ea1n li\u00ean l\u1ea1c v\u1edbi ch\u00fang t\u00f4i. Ch\u00fang t\u00f4i l\u00fac n\u00e0o c\u0169ng s\u1eb5n l\u00f2ng l\u1eafng nghe c\u00e1c b\u1ea1n. B\u1ea1n c\u00f3 th\u1ec3 li\u00ean l\u1ea1c b\u1eb1ng c\u00e1ch \u0111i\u1ec1n c\u00e1c th\u00f4ng tin nh\u01b0 d\u01b0\u1edbi \u0111\u00e2y:<\/p>\n<\/div>\n\n\n\n<div class=\"wp-block-column is-layout-flow wp-block-column-is-layout-flow\">\n<figure class=\"wp-block-image size-full\"><img loading=\"lazy\" decoding=\"async\" width=\"800\" height=\"533\" src=\"https:\/\/studyenglishwithus.ca\/wp-content\/uploads\/2025\/09\/TO.jpg\" alt=\"\" class=\"wp-image-43\" srcset=\"https:\/\/studyenglishwithus.ca\/wp-content\/uploads\/2025\/09\/TO.jpg 800w, https:\/\/studyenglishwithus.ca\/wp-content\/uploads\/2025\/09\/TO-300x200.jpg 300w, https:\/\/studyenglishwithus.ca\/wp-content\/uploads\/2025\/09\/TO-768x512.jpg 768w, https:\/\/studyenglishwithus.ca\/wp-content\/uploads\/2025\/09\/TO-76x50.jpg 76w, https:\/\/studyenglishwithus.ca\/wp-content\/uploads\/2025\/09\/TO-123x82.jpg 123w, https:\/\/studyenglishwithus.ca\/wp-content\/uploads\/2025\/09\/TO-83x55.jpg 83w, https:\/\/studyenglishwithus.ca\/wp-content\/uploads\/2025\/09\/TO-125x83.jpg 125w\" sizes=\"auto, (max-width: 800px) 100vw, 800px\" \/><\/figure>\n<\/div>\n<\/div>\n\n\n<style id=\"wpforms-css-vars-50-block-6c6b98a5-ba68-48b7-b65d-052358f18d5e\">\n\t\t\t\t#wpforms-50.wpforms-block-6c6b98a5-ba68-48b7-b65d-052358f18d5e {\n\t\t\t\t--wpforms-label-color: #ffffff;\n--wpforms-label-sublabel-color: #ffffff;\n--wpforms-field-background-color: #3f606d;\n--wpforms-field-text-color: #ffffff;\n--wpforms-field-size-input-height: 43px;\n--wpforms-field-size-input-spacing: 15px;\n--wpforms-field-size-font-size: 16px;\n--wpforms-field-size-line-height: 19px;\n--wpforms-field-size-padding-h: 14px;\n--wpforms-field-size-checkbox-size: 16px;\n--wpforms-field-size-sublabel-spacing: 5px;\n--wpforms-field-size-icon-size: 1;\n--wpforms-label-size-font-size: 16px;\n--wpforms-label-size-line-height: 19px;\n--wpforms-label-size-sublabel-font-size: 14px;\n--wpforms-label-size-sublabel-line-height: 17px;\n--wpforms-button-size-font-size: 17px;\n--wpforms-button-size-height: 41px;\n--wpforms-button-size-padding-h: 15px;\n--wpforms-button-size-margin-top: 10px;\n\n\t\t\t}\n\t\t\t<\/style><div class=\"wpforms-container wpforms-container-full wpforms-block wpforms-block-6c6b98a5-ba68-48b7-b65d-052358f18d5e wpforms-render-modern\" id=\"wpforms-50\"><form id=\"wpforms-form-50\" class=\"wpforms-validate wpforms-form wpforms-ajax-form\" data-formid=\"50\" method=\"post\" enctype=\"multipart\/form-data\" action=\"\/index.php?rest_route=%2Fwp%2Fv2%2Fpages%2F1829\" data-token=\"ae522b5707539f1b3ccb282d78c43e24\" data-token-time=\"1776518713\"><noscript class=\"wpforms-error-noscript\">Please enable JavaScript in your browser to complete this form.<\/noscript><div id=\"wpforms-error-noscript\" style=\"display: none;\">Please enable JavaScript in your browser to complete this form.<\/div><div class=\"wpforms-field-container\">\t\t<div id=\"wpforms-50-field_4-container\"\n\t\t\tclass=\"wpforms-field wpforms-field-text\"\n\t\t\tdata-field-type=\"text\"\n\t\t\tdata-field-id=\"4\"\n\t\t\t>\n\t\t\t<label class=\"wpforms-field-label\" for=\"wpforms-50-field_4\" >ho\u1eb7c Name\/ or<\/label>\n\t\t\t<input type=\"text\" id=\"wpforms-50-field_4\" class=\"wpforms-field-medium\" name=\"wpforms[fields][4]\" >\n\t\t<\/div>\n\t\t<div id=\"wpforms-50-field_1-container\" class=\"wpforms-field wpforms-field-name\" data-field-id=\"1\"><fieldset><legend class=\"wpforms-field-label\">Name\/ T\u00ean <span class=\"wpforms-required-label\" aria-hidden=\"true\">*<\/span><\/legend><div class=\"wpforms-field-row wpforms-field-medium\"><div class=\"wpforms-field-row-block wpforms-first wpforms-one-half\"><input type=\"text\" id=\"wpforms-50-field_1\" class=\"wpforms-field-name-first wpforms-field-required\" name=\"wpforms[fields][1][first]\" aria-errormessage=\"wpforms-50-field_1-error\" required><label for=\"wpforms-50-field_1\" class=\"wpforms-field-sublabel after\">First<\/label><\/div><div class=\"wpforms-field-row-block wpforms-one-half\"><input type=\"text\" id=\"wpforms-50-field_1-last\" class=\"wpforms-field-name-last wpforms-field-required\" name=\"wpforms[fields][1][last]\" aria-errormessage=\"wpforms-50-field_1-last-error\" required><label for=\"wpforms-50-field_1-last\" class=\"wpforms-field-sublabel after\">Last<\/label><\/div><\/div><\/fieldset><\/div><div id=\"wpforms-50-field_2-container\" class=\"wpforms-field wpforms-field-email\" data-field-id=\"2\"><label class=\"wpforms-field-label\" for=\"wpforms-50-field_2\">Email <span class=\"wpforms-required-label\" aria-hidden=\"true\">*<\/span><\/label><input type=\"email\" id=\"wpforms-50-field_2\" class=\"wpforms-field-medium wpforms-field-required\" name=\"wpforms[fields][2]\" spellcheck=\"false\" aria-errormessage=\"wpforms-50-field_2-error\" required><\/div><div id=\"wpforms-50-field_3-container\" class=\"wpforms-field wpforms-field-textarea\" data-field-id=\"3\"><label class=\"wpforms-field-label\" for=\"wpforms-50-field_3\">Comment or Message \/ B\u00ecnh lu\u1eadn ho\u1eb7c tin nh\u1eafn <span class=\"wpforms-required-label\" aria-hidden=\"true\">*<\/span><\/label><textarea id=\"wpforms-50-field_3\" class=\"wpforms-field-medium wpforms-field-required\" name=\"wpforms[fields][3]\" aria-errormessage=\"wpforms-50-field_3-error\" required><\/textarea><\/div><script>\n\t\t\t\t( function() {\n\t\t\t\t\tconst style = document.createElement( 'style' );\n\t\t\t\t\tstyle.appendChild( document.createTextNode( '#wpforms-50-field_4-container { position: absolute !important; overflow: hidden !important; display: inline !important; height: 1px !important; width: 1px !important; z-index: -1000 !important; padding: 0 !important; } #wpforms-50-field_4-container input { visibility: hidden; } #wpforms-conversational-form-page #wpforms-50-field_4-container label { counter-increment: none; }' ) );\n\t\t\t\t\tdocument.head.appendChild( style );\n\t\t\t\t\tdocument.currentScript?.remove();\n\t\t\t\t} )();\n\t\t\t<\/script><\/div><!-- .wpforms-field-container --><div class=\"wpforms-submit-container\" ><input type=\"hidden\" name=\"wpforms[id]\" value=\"50\"><input type=\"hidden\" name=\"page_title\" value=\"\"><input type=\"hidden\" name=\"page_url\" value=\"https:\/\/studyenglishwithus.ca\/index.php?rest_route=\/wp\/v2\/pages\/1829\"><input type=\"hidden\" name=\"url_referer\" value=\"\"><button type=\"submit\" name=\"wpforms[submit]\" id=\"wpforms-submit-50\" class=\"wpforms-submit\" data-alt-text=\"Sending \/ \u0110ang g\u1eedi ...\" data-submit-text=\"Submit \/ G\u1eedi\" aria-live=\"assertive\" value=\"wpforms-submit\">Submit \/ G\u1eedi<\/button><img loading=\"lazy\" decoding=\"async\" src=\"https:\/\/studyenglishwithus.ca\/wp-content\/plugins\/wpforms-lite\/assets\/images\/submit-spin.svg\" class=\"wpforms-submit-spinner\" style=\"display: none;\" width=\"26\" height=\"26\" alt=\"Loading\"><\/div><\/form><\/div>  <!-- .wpforms-container -->\n\n\n<p><\/p>\n","protected":false},"excerpt":{"rendered":"<p>G\u1eb7p G\u1ee1 C\u00e1c Gi\u00e1o Vi\u00ean C\u1ee7a B\u1ea1n: &nbsp; Truc Khanh Tran Truc Khanh&nbsp;(TK) b\u1eaft \u0111\u1ea7u h\u1ecdc ti\u1ebfng Anh t\u1eeb khi c\u00f2n r\u1ea5t nh\u1ecf, luy\u1ec7n nghe qua c\u00e1c cu\u1ed1ng b\u0103ng cat-set m\u00e0 B\u1ed1 c\u00f4 \u1ea5y th\u01b0\u1eddng xuy\u00ean m\u1edf ra m\u1ed7i ng\u00e0y. Sau \u0111\u00f3, c\u00f4 \u1ea5y ti\u1ebfp t\u1ee5c h\u1ecdc v\u00e0 t\u1ed1t nghi\u1ec7p c\u1eed nh\u00e2n ngo\u1ea1i ng\u1eef t\u1ea1i [&hellip;]<\/p>\n","protected":false},"author":1,"featured_media":0,"parent":0,"menu_order":0,"comment_status":"closed","ping_status":"closed","template":"template-blank.php","meta":{"_uag_custom_page_level_css":"","__cvm_playback_settings":[],"__cvm_video_id":"","footnotes":""},"class_list":["post-1829","page","type-page","status-publish","hentry"],"spectra_custom_meta":{"classic-editor-remember":["block-editor"],"_edit_last":["1"],"_edit_lock":["1758587515:1"],"_wp_page_template":["template-blank.php"],"_vlog_meta":["a:3:{s:11:\"use_sidebar\";s:4:\"none\";s:2:\"fa\";a:18:{s:6:\"layout\";s:1:\"1\";s:9:\"post_type\";s:4:\"post\";s:5:\"limit\";s:1:\"5\";s:5:\"order\";s:4:\"date\";s:6:\"manual\";s:0:\"\";s:4:\"sort\";s:4:\"DESC\";s:20:\"vimeo-videos_inc_exc\";s:2:\"in\";s:9:\"vimeo-tag\";s:0:\"\";s:17:\"vimeo-tag_inc_exc\";s:2:\"in\";s:11:\"cat_inc_exc\";s:2:\"in\";s:3:\"tag\";s:0:\"\";s:11:\"tag_inc_exc\";s:2:\"in\";s:6:\"series\";s:0:\"\";s:14:\"series_inc_exc\";s:2:\"in\";s:6:\"format\";s:1:\"0\";s:4:\"time\";s:1:\"0\";s:7:\"content\";s:0:\"\";s:8:\"bg_image\";s:0:\"\";}s:5:\"blank\";a:3:{s:10:\"page_title\";s:1:\"1\";s:6:\"header\";s:1:\"1\";s:6:\"footer\";s:1:\"1\";}}"],"_uag_page_assets":["a:9:{s:3:\"css\";s:263:\".uag-blocks-common-selector{z-index:var(--z-index-desktop) !important}@media (max-width: 976px){.uag-blocks-common-selector{z-index:var(--z-index-tablet) !important}}@media (max-width: 767px){.uag-blocks-common-selector{z-index:var(--z-index-mobile) !important}}\n\";s:2:\"js\";s:0:\"\";s:18:\"current_block_list\";a:12:{i:0;s:10:\"core\/image\";i:1;s:12:\"core\/heading\";i:2;s:12:\"core\/columns\";i:3;s:11:\"core\/column\";i:5;s:14:\"core\/paragraph\";i:6;s:21:\"wpforms\/form-selector\";i:7;s:11:\"core\/search\";i:8;s:10:\"core\/group\";i:9;s:17:\"core\/latest-posts\";i:10;s:20:\"core\/latest-comments\";i:11;s:13:\"core\/archives\";i:12;s:15:\"core\/categories\";}s:8:\"uag_flag\";b:0;s:11:\"uag_version\";s:10:\"1776389077\";s:6:\"gfonts\";a:0:{}s:10:\"gfonts_url\";s:0:\"\";s:12:\"gfonts_files\";a:0:{}s:14:\"uag_faq_layout\";b:0;}"],"rank_math_og_content_image":["a:2:{s:5:\"check\";s:32:\"4602f546fa4e6c277eb889116b262662\";s:6:\"images\";a:1:{i:0;i:35;}}"],"rank_math_internal_links_processed":["1"],"_uag_css_file_name":["uag-css-1829.css"]},"uagb_featured_image_src":{"full":false,"thumbnail":false,"medium":false,"medium_large":false,"large":false,"1536x1536":false,"2048x2048":false,"vlog-lay-a":false,"vlog-lay-a-full":false,"vlog-lay-b":false,"vlog-lay-b-full":false,"vlog-lay-d":false,"vlog-lay-d-full":false,"vlog-lay-e":false,"vlog-lay-e-full":false,"vlog-lay-f":false,"vlog-lay-f-full":false,"vlog-lay-h":false,"vlog-lay-h-full":false,"vlog-cover-full":false,"vlog-cover-large":false,"vlog-cover-medium":false,"vlog-cover-small":false},"uagb_author_info":{"display_name":"Frank Spangler","author_link":"https:\/\/studyenglishwithus.ca\/author\/frank-sewu"},"uagb_comment_info":0,"uagb_excerpt":"G\u1eb7p G\u1ee1 C\u00e1c Gi\u00e1o Vi\u00ean C\u1ee7a B\u1ea1n: &nbsp; Truc Khanh Tran Truc Khanh&nbsp;(TK) b\u1eaft \u0111\u1ea7u h\u1ecdc ti\u1ebfng Anh t\u1eeb khi c\u00f2n r\u1ea5t nh\u1ecf, luy\u1ec7n nghe qua c\u00e1c cu\u1ed1ng b\u0103ng cat-set m\u00e0 B\u1ed1 c\u00f4 \u1ea5y th\u01b0\u1eddng xuy\u00ean m\u1edf ra m\u1ed7i ng\u00e0y. Sau \u0111\u00f3, c\u00f4 \u1ea5y ti\u1ebfp t\u1ee5c h\u1ecdc v\u00e0 t\u1ed1t nghi\u1ec7p c\u1eed nh\u00e2n ngo\u1ea1i ng\u1eef t\u1ea1i&hellip;","_links":{"self":[{"href":"https:\/\/studyenglishwithus.ca\/index.php?rest_route=\/wp\/v2\/pages\/1829","targetHints":{"allow":["GET"]}}],"collection":[{"href":"https:\/\/studyenglishwithus.ca\/index.php?rest_route=\/wp\/v2\/pages"}],"about":[{"href":"https:\/\/studyenglishwithus.ca\/index.php?rest_route=\/wp\/v2\/types\/page"}],"author":[{"embeddable":true,"href":"https:\/\/studyenglishwithus.ca\/index.php?rest_route=\/wp\/v2\/users\/1"}],"replies":[{"embeddable":true,"href":"https:\/\/studyenglishwithus.ca\/index.php?rest_route=%2Fwp%2Fv2%2Fcomments&post=1829"}],"version-history":[{"count":4,"href":"https:\/\/studyenglishwithus.ca\/index.php?rest_route=\/wp\/v2\/pages\/1829\/revisions"}],"predecessor-version":[{"id":2201,"href":"https:\/\/studyenglishwithus.ca\/index.php?rest_route=\/wp\/v2\/pages\/1829\/revisions\/2201"}],"wp:attachment":[{"href":"https:\/\/studyenglishwithus.ca\/index.php?rest_route=%2Fwp%2Fv2%2Fmedia&parent=1829"}],"curies":[{"name":"wp","href":"https:\/\/api.w.org\/{rel}","templated":true}]}}